{"id":440,"date":"2020-11-12T10:02:26","date_gmt":"2020-11-12T10:02:26","guid":{"rendered":"https:\/\/ibg.aedesit.com\/politique-de-cookie-du-site\/"},"modified":"2021-01-28T09:17:53","modified_gmt":"2021-01-28T09:17:53","slug":"politique-de-cookie-du-site","status":"publish","type":"page","link":"https:\/\/www.ibg.lu\/de\/politique-de-cookie-du-site\/","title":{"rendered":"Cookie-verwaltung"},"content":{"rendered":"<h2>Responsable de traitement<\/h2>\n<p>NOM IBG Assurances<\/p>\n<p>2, Am Hock 9991 Weiswampach, Luxembourg<\/p>\n<p>personne de contact : MERTES PHILIPPE<\/p>\n<h2>Qu\u2019est-ce qu\u2019un cookie?<\/h2>\n<p>\u00abUn cookie est un petit fichier texte qui peut \u00eatre conserv\u00e9 sur votre ordinateur lorsque vous visitez des sites Internet. Des informations sont enregistr\u00e9es dans ce fichier texte, comme par exemple votre choix de langue pour un site Internet. Lorsque vous visitez \u00e0 nouveau le site Internet ult\u00e9rieurement, ce cookie est renvoy\u00e9 au site en question. De cette mani\u00e8re, le site Internet reconna\u00eet votre navigateur et peut par exemple retenir votre choix de langue.<\/p>\n<p>Les cookies ont g\u00e9n\u00e9ralement aussi une date d\u2019expiration. Certains cookies sont par exemple automatiquement supprim\u00e9s lorsque vous fermez votre navigateur (ce que l\u2019on appelle les cookies de session), tandis que d\u2019autres restent plus longtemps sur votre ordinateur, parfois m\u00eame jusqu\u2019\u00e0 ce que vous les supprimiez manuellement (ce que l\u2019on appelle les cookies permanents).\u00bb (source\u00a0: site de l\u2019APD)<\/p>\n<h2>Pourquoi utilisons-nous des cookies?<\/h2>\n<p>Nous utilisons trois types de cookies<\/p>\n<ul>\n<li>Des cookies essentiels qui sont indispensables au fonctionnement du site<\/li>\n<li>Des cookies \u00e0 finalit\u00e9s analytiques qui analysent les visites du site.<\/li>\n<li>Des cookies de tiers, tels que des cookies li\u00e9s \u00e0 des r\u00e9seaux sociaux.<\/li>\n<\/ul>\n<h2>Acceptation ou refus des cookies<\/h2>\n<p>En cliquant sur la rubrique \u00aben savoir plus\u00bb du pop-up qui s\u2019affiche lorsque vous arrivez sur le site, vous pourrez avoir acc\u00e8s aux informations concernant les cookies et d\u00e9cider de les accepter ou de les refuser.<\/p>\n<h2>Dur\u00e9e de conservation<\/h2>\n<p>La dur\u00e9e de conservation des cookies est de\u00a013 mois.<\/p>\n<h2>Information compl\u00e9mentaire<\/h2>\n<p>Si vous voulez savoir comment param\u00e9trer votre navigateur ou avoir plus d\u2019information au sujet des cookies, nous vous conseillons de visiter le site\u00a0<a class=\"no-smoothstate\" href=\"https:\/\/www.allaboutcookies.org\/\">www.allaboutcookies.org<\/a>\u00a0(ce site est en anglais).<\/p>\n<h2>Base l\u00e9gale du traitement de donn\u00e9es via les cookies<\/h2>\n<p>Le traitement par les cookies, hors cookies essentiels, est bas\u00e9 sur le consentement de la personne concern\u00e9e qui acceptera ou refusera les cookies lors de sa visite sur le site.<\/p>\n<h2>D\u00e9cision automatis\u00e9e et profilage<\/h2>\n<p>Aucune d\u00e9cision automatis\u00e9e ni profilage n\u2019est effectu\u00e9 au moyen des cookies<\/p>\n<h2>Transmission de donn\u00e9es \u00e0 des tiers<\/h2>\n<p>Les cookies de tiers peuvent recueillir des donn\u00e9es de connexion.<\/p>\n<h2>S\u00e9curit\u00e9<\/h2>\n<p>Nous prenons les mesures techniques et organisationnelles appropri\u00e9es qui sont en conformit\u00e9 avec les lois en mati\u00e8re de vie priv\u00e9e et de protection des donn\u00e9es applicables. Malheureusement, aucune transmission de donn\u00e9es sur Internet ou sur un syst\u00e8me de stockage de donn\u00e9es ne peuvent \u00eatre garantis \u00e0 100%. Si vous avez des raisons de croire que votre interaction avec nous n\u2019est plus s\u00fbre (par exemple, si vous avez l\u2019impression que la s\u00e9curit\u00e9 de vos Donn\u00e9es Personnelles que vous pourriez partager avec nous pourrait avoir \u00e9t\u00e9 compromise), vous \u00eates pri\u00e9s de nous en avertir imm\u00e9diatement.<\/p>\n<h2>Droits des personnes concern\u00e9es<\/h2>\n<p>Vous avez le droit d\u2019acc\u00e9der, de rectifier, de vous opposer \u00e0 l\u2019utilisation de, ou demander l\u2019effacement, la limitation ou la portabilit\u00e9 de vos Donn\u00e9es Personnelles en vertu du RGPD.<\/p>\n<p>N\u00e9anmoins dans certains cas la loi ne nous permet pas n\u00e9cessairement d\u2019accepter vos demandes.<\/p>\n<h2>Modifications \u00e0 ces R\u00e8gles<\/h2>\n<p>Comme la r\u00e8glementation \u00e9volue, nous nous r\u00e9servons le droit d\u2019apporter des changements \u00e0 tout moment, mais aussi pour prendre en compte des changements dans nos activit\u00e9s. Nous vous informerons des modifications.<\/p>\n<h2>Qui contacter en ce qui concerne vos Donn\u00e9es Personnelles<\/h2>\n<p>Si vous avez la moindre question en ce qui concerne l\u2019utilisation de vos Donn\u00e9es Personnelles, vous pouvez envoyer un courrier \u00e0 l\u2019adresse reprise ci-dessus.<\/p>\n<p>Vous pouvez si vous le souhaiter contacter l\u2019autorit\u00e9 de protection des donn\u00e9es pour porter plainte si vous estimez ne pas avoir re\u00e7u de r\u00e9ponse \u00e0 votre demande.<\/p>\n","protected":false},"excerpt":{"rendered":"<p>Responsable de traitement NOM IBG Assurances 2, Am Hock 9991 Weiswampach, Luxembourg personne de contact : MERTES PHILIPPE Qu\u2019est-ce qu\u2019un cookie? \u00abUn cookie est un petit fichier texte qui peut \u00eatre conserv\u00e9 sur votre ordinateur lorsque vous visitez des sites Internet. Des informations sont enregistr\u00e9es dans ce fichier texte, comme par exemple votre choix de [&hellip;]<\/p>\n","protected":false},"author":2,"featured_media":0,"parent":0,"menu_order":0,"comment_status":"closed","ping_status":"closed","template":"","meta":{"footnotes":""},"acf":[],"yoast_head":"<!-- This site is optimized with the Yoast SEO plugin v21.9.1 - https:\/\/yoast.com\/wordpress\/plugins\/seo\/ -->\n<title>Cookie-verwaltung - IBG<\/title>\n<meta name=\"robots\" content=\"index, follow, max-snippet:-1, max-image-preview:large, max-video-preview:-1\" \/>\n<link rel=\"canonical\" href=\"https:\/\/www.ibg.lu\/de\/politique-de-cookie-du-site\/\" \/>\n<meta property=\"og:locale\" content=\"de_DE\" \/>\n<meta property=\"og:type\" content=\"article\" \/>\n<meta property=\"og:title\" content=\"Cookie-verwaltung - IBG\" \/>\n<meta property=\"og:description\" content=\"Responsable de traitement NOM IBG Assurances 2, Am Hock 9991 Weiswampach, Luxembourg personne de contact : MERTES PHILIPPE Qu\u2019est-ce qu\u2019un cookie? \u00abUn cookie est un petit fichier texte qui peut \u00eatre conserv\u00e9 sur votre ordinateur lorsque vous visitez des sites Internet. Des informations sont enregistr\u00e9es dans ce fichier texte, comme par exemple votre choix de [&hellip;]\" \/>\n<meta property=\"og:url\" content=\"https:\/\/www.ibg.lu\/de\/politique-de-cookie-du-site\/\" \/>\n<meta property=\"og:site_name\" content=\"IBG\" \/>\n<meta property=\"article:modified_time\" content=\"2021-01-28T09:17:53+00:00\" \/>\n<meta name=\"twitter:card\" content=\"summary_large_image\" \/>\n<meta name=\"twitter:label1\" content=\"Gesch\u00e4tzte Lesezeit\" \/>\n\t<meta name=\"twitter:data1\" content=\"3\u00a0Minuten\" \/>\n<script type=\"application\/ld+json\" class=\"yoast-schema-graph\">{\"@context\":\"https:\/\/schema.org\",\"@graph\":[{\"@type\":\"WebPage\",\"@id\":\"https:\/\/www.ibg.lu\/de\/politique-de-cookie-du-site\/\",\"url\":\"https:\/\/www.ibg.lu\/de\/politique-de-cookie-du-site\/\",\"name\":\"Cookie-verwaltung - IBG\",\"isPartOf\":{\"@id\":\"https:\/\/www.ibg.lu\/#website\"},\"datePublished\":\"2020-11-12T10:02:26+00:00\",\"dateModified\":\"2021-01-28T09:17:53+00:00\",\"breadcrumb\":{\"@id\":\"https:\/\/www.ibg.lu\/de\/politique-de-cookie-du-site\/#breadcrumb\"},\"inLanguage\":\"de\",\"potentialAction\":[{\"@type\":\"ReadAction\",\"target\":[\"https:\/\/www.ibg.lu\/de\/politique-de-cookie-du-site\/\"]}]},{\"@type\":\"BreadcrumbList\",\"@id\":\"https:\/\/www.ibg.lu\/de\/politique-de-cookie-du-site\/#breadcrumb\",\"itemListElement\":[{\"@type\":\"ListItem\",\"position\":1,\"name\":\"Accueil\",\"item\":\"https:\/\/www.ibg.lu\/de\/\"},{\"@type\":\"ListItem\",\"position\":2,\"name\":\"Cookie-verwaltung\"}]},{\"@type\":\"WebSite\",\"@id\":\"https:\/\/www.ibg.lu\/#website\",\"url\":\"https:\/\/www.ibg.lu\/\",\"name\":\"IBG\",\"description\":\"Just another WordPress site\",\"potentialAction\":[{\"@type\":\"SearchAction\",\"target\":{\"@type\":\"EntryPoint\",\"urlTemplate\":\"https:\/\/www.ibg.lu\/?s={search_term_string}\"},\"query-input\":\"required name=search_term_string\"}],\"inLanguage\":\"de\"}]}<\/script>\n<!-- \/ Yoast SEO plugin. -->","yoast_head_json":{"title":"Cookie-verwaltung - IBG","robots":{"index":"index","follow":"follow","max-snippet":"max-snippet:-1","max-image-preview":"max-image-preview:large","max-video-preview":"max-video-preview:-1"},"canonical":"https:\/\/www.ibg.lu\/de\/politique-de-cookie-du-site\/","og_locale":"de_DE","og_type":"article","og_title":"Cookie-verwaltung - IBG","og_description":"Responsable de traitement NOM IBG Assurances 2, Am Hock 9991 Weiswampach, Luxembourg personne de contact : MERTES PHILIPPE Qu\u2019est-ce qu\u2019un cookie? \u00abUn cookie est un petit fichier texte qui peut \u00eatre conserv\u00e9 sur votre ordinateur lorsque vous visitez des sites Internet. Des informations sont enregistr\u00e9es dans ce fichier texte, comme par exemple votre choix de [&hellip;]","og_url":"https:\/\/www.ibg.lu\/de\/politique-de-cookie-du-site\/","og_site_name":"IBG","article_modified_time":"2021-01-28T09:17:53+00:00","twitter_card":"summary_large_image","twitter_misc":{"Gesch\u00e4tzte Lesezeit":"3\u00a0Minuten"},"schema":{"@context":"https:\/\/schema.org","@graph":[{"@type":"WebPage","@id":"https:\/\/www.ibg.lu\/de\/politique-de-cookie-du-site\/","url":"https:\/\/www.ibg.lu\/de\/politique-de-cookie-du-site\/","name":"Cookie-verwaltung - IBG","isPartOf":{"@id":"https:\/\/www.ibg.lu\/#website"},"datePublished":"2020-11-12T10:02:26+00:00","dateModified":"2021-01-28T09:17:53+00:00","breadcrumb":{"@id":"https:\/\/www.ibg.lu\/de\/politique-de-cookie-du-site\/#breadcrumb"},"inLanguage":"de","potentialAction":[{"@type":"ReadAction","target":["https:\/\/www.ibg.lu\/de\/politique-de-cookie-du-site\/"]}]},{"@type":"BreadcrumbList","@id":"https:\/\/www.ibg.lu\/de\/politique-de-cookie-du-site\/#breadcrumb","itemListElement":[{"@type":"ListItem","position":1,"name":"Accueil","item":"https:\/\/www.ibg.lu\/de\/"},{"@type":"ListItem","position":2,"name":"Cookie-verwaltung"}]},{"@type":"WebSite","@id":"https:\/\/www.ibg.lu\/#website","url":"https:\/\/www.ibg.lu\/","name":"IBG","description":"Just another WordPress site","potentialAction":[{"@type":"SearchAction","target":{"@type":"EntryPoint","urlTemplate":"https:\/\/www.ibg.lu\/?s={search_term_string}"},"query-input":"required name=search_term_string"}],"inLanguage":"de"}]}},"_links":{"self":[{"href":"https:\/\/www.ibg.lu\/de\/wp-json\/wp\/v2\/pages\/440"}],"collection":[{"href":"https:\/\/www.ibg.lu\/de\/wp-json\/wp\/v2\/pages"}],"about":[{"href":"https:\/\/www.ibg.lu\/de\/wp-json\/wp\/v2\/types\/page"}],"author":[{"embeddable":true,"href":"https:\/\/www.ibg.lu\/de\/wp-json\/wp\/v2\/users\/2"}],"replies":[{"embeddable":true,"href":"https:\/\/www.ibg.lu\/de\/wp-json\/wp\/v2\/comments?post=440"}],"version-history":[{"count":0,"href":"https:\/\/www.ibg.lu\/de\/wp-json\/wp\/v2\/pages\/440\/revisions"}],"wp:attachment":[{"href":"https:\/\/www.ibg.lu\/de\/wp-json\/wp\/v2\/media?parent=440"}],"curies":[{"name":"wp","href":"https:\/\/api.w.org\/{rel}","templated":true}]}}